{"id":3333,"date":"2024-12-16T12:27:04","date_gmt":"2024-12-16T11:27:04","guid":{"rendered":"https:\/\/juwent.com.pl\/?page_id=3333"},"modified":"2025-12-18T14:04:22","modified_gmt":"2025-12-18T13:04:22","slug":"glavnaa","status":"publish","type":"page","link":"https:\/\/juwent.com.pl\/ru\/","title":{"rendered":"\u0413\u043b\u0430\u0432\u043d\u0430\u044f "},"content":{"rendered":" ","protected":false},"excerpt":{"rendered":"","protected":false},"author":8,"featured_media":0,"parent":0,"menu_order":0,"comment_status":"closed","ping_status":"closed","template":"","meta":{"_acf_changed":false,"footnotes":""},"class_list":["post-3333","page","type-page","status-publish","hentry"],"acf":[],"yoast_head":"<!-- This site is optimized with the Yoast SEO plugin v27.5 - https:\/\/yoast.com\/product\/yoast-seo-wordpress\/ -->\n<title>\u0413\u043b\u0430\u0432\u043d\u0430\u044f - JUWENT - producent - centrale klimatyzacyjne, wentylatory, kurtyny, aparaty ogrzewcze, wymienniki, grzejniki.<\/title>\n<meta name=\"robots\" content=\"index, follow, max-snippet:-1, max-image-preview:large, max-video-preview:-1\" \/>\n<link rel=\"canonical\" href=\"https:\/\/juwent.com.pl\/ru\/\" \/>\n<meta property=\"og:locale\" content=\"ru_RU\" \/>\n<meta property=\"og:type\" content=\"article\" \/>\n<meta property=\"og:title\" content=\"\u0413\u043b\u0430\u0432\u043d\u0430\u044f - JUWENT - producent - centrale klimatyzacyjne, wentylatory, kurtyny, aparaty ogrzewcze, wymienniki, grzejniki.\" \/>\n<meta property=\"og:url\" content=\"https:\/\/juwent.com.pl\/ru\/\" \/>\n<meta property=\"og:site_name\" content=\"JUWENT - producent - centrale klimatyzacyjne, wentylatory, kurtyny, aparaty ogrzewcze, wymienniki, grzejniki.\" \/>\n<meta property=\"article:modified_time\" content=\"2025-12-18T13:04:22+00:00\" \/>\n<meta name=\"twitter:card\" content=\"summary_large_image\" \/>\n<meta name=\"twitter:label1\" content=\"\u041f\u0440\u0438\u043c\u0435\u0440\u043d\u043e\u0435 \u0432\u0440\u0435\u043c\u044f \u0434\u043b\u044f \u0447\u0442\u0435\u043d\u0438\u044f\" \/>\n\t<meta name=\"twitter:data1\" content=\"5 \u043c\u0438\u043d\u0443\u0442\" \/>\n<!-- \/ Yoast SEO plugin. -->","yoast_head_json":{"title":"\u0413\u043b\u0430\u0432\u043d\u0430\u044f - JUWENT - producent - centrale klimatyzacyjne, wentylatory, kurtyny, aparaty ogrzewcze, wymienniki, grzejniki.","robots":{"index":"index","follow":"follow","max-snippet":"max-snippet:-1","max-image-preview":"max-image-preview:large","max-video-preview":"max-video-preview:-1"},"canonical":"https:\/\/juwent.com.pl\/ru\/","og_locale":"ru_RU","og_type":"article","og_title":"\u0413\u043b\u0430\u0432\u043d\u0430\u044f - JUWENT - producent - centrale klimatyzacyjne, wentylatory, kurtyny, aparaty ogrzewcze, wymienniki, grzejniki.","og_url":"https:\/\/juwent.com.pl\/ru\/","og_site_name":"JUWENT - producent - centrale klimatyzacyjne, wentylatory, kurtyny, aparaty ogrzewcze, wymienniki, grzejniki.","article_modified_time":"2025-12-18T13:04:22+00:00","twitter_card":"summary_large_image","twitter_misc":{"\u041f\u0440\u0438\u043c\u0435\u0440\u043d\u043e\u0435 \u0432\u0440\u0435\u043c\u044f \u0434\u043b\u044f \u0447\u0442\u0435\u043d\u0438\u044f":"5 \u043c\u0438\u043d\u0443\u0442"},"schema":{"@context":"https:\/\/schema.org","@graph":[{"@type":"WebPage","@id":"https:\/\/juwent.com.pl\/ru\/","url":"https:\/\/juwent.com.pl\/ru\/","name":"\u0413\u043b\u0430\u0432\u043d\u0430\u044f - JUWENT - producent - centrale klimatyzacyjne, wentylatory, kurtyny, aparaty ogrzewcze, wymienniki, grzejniki.","isPartOf":{"@id":"https:\/\/juwent.com.pl\/ru\/#website"},"datePublished":"2024-12-16T11:27:04+00:00","dateModified":"2025-12-18T13:04:22+00:00","breadcrumb":{"@id":"https:\/\/juwent.com.pl\/ru\/#breadcrumb"},"inLanguage":"ru-RU","potentialAction":[{"@type":"ReadAction","target":["https:\/\/juwent.com.pl\/ru\/"]}]},{"@type":"BreadcrumbList","@id":"https:\/\/juwent.com.pl\/ru\/#breadcrumb","itemListElement":[{"@type":"ListItem","position":1,"name":"Strona g\u0142\u00f3wna","item":"https:\/\/juwent.com.pl\/ru\/"},{"@type":"ListItem","position":2,"name":"\u0413\u043b\u0430\u0432\u043d\u0430\u044f"}]},{"@type":"WebSite","@id":"https:\/\/juwent.com.pl\/ru\/#website","url":"https:\/\/juwent.com.pl\/ru\/","name":"JUWENT - producent - centrale klimatyzacyjne, wentylatory, kurtyny, aparaty ogrzewcze, wymienniki, grzejniki.","description":"Dbamy o jako\u015b\u0107 powietrza, kt\u00f3rym oddychasz! W naszej ofercie sprzeda\u017cy posiadamy wentylatory, klimatyzatory i aparaty ogrzewcze - gor\u0105co polecamy!","publisher":{"@id":"https:\/\/juwent.com.pl\/ru\/#organization"},"potentialAction":[{"@type":"SearchAction","target":{"@type":"EntryPoint","urlTemplate":"https:\/\/juwent.com.pl\/ru\/?s={search_term_string}"},"query-input":{"@type":"PropertyValueSpecification","valueRequired":true,"valueName":"search_term_string"}}],"inLanguage":"ru-RU"},{"@type":"Organization","@id":"https:\/\/juwent.com.pl\/ru\/#organization","name":"JUWENT - producent - centrale klimatyzacyjne, wentylatory, kurtyny, aparaty ogrzewcze, wymienniki, grzejniki.","url":"https:\/\/juwent.com.pl\/ru\/","logo":{"@type":"ImageObject","inLanguage":"ru-RU","@id":"https:\/\/juwent.com.pl\/ru\/#\/schema\/logo\/image\/","url":"https:\/\/juwent.com.pl\/wp-content\/uploads\/2022\/07\/Juwent_Logo_www.svg","contentUrl":"https:\/\/juwent.com.pl\/wp-content\/uploads\/2022\/07\/Juwent_Logo_www.svg","caption":"JUWENT - producent - centrale klimatyzacyjne, wentylatory, kurtyny, aparaty ogrzewcze, wymienniki, grzejniki."},"image":{"@id":"https:\/\/juwent.com.pl\/ru\/#\/schema\/logo\/image\/"}}]}},"_links":{"self":[{"href":"https:\/\/juwent.com.pl\/ru\/wp-json\/wp\/v2\/pages\/3333","targetHints":{"allow":["GET"]}}],"collection":[{"href":"https:\/\/juwent.com.pl\/ru\/wp-json\/wp\/v2\/pages"}],"about":[{"href":"https:\/\/juwent.com.pl\/ru\/wp-json\/wp\/v2\/types\/page"}],"author":[{"embeddable":true,"href":"https:\/\/juwent.com.pl\/ru\/wp-json\/wp\/v2\/users\/8"}],"replies":[{"embeddable":true,"href":"https:\/\/juwent.com.pl\/ru\/wp-json\/wp\/v2\/comments?post=3333"}],"version-history":[{"count":53,"href":"https:\/\/juwent.com.pl\/ru\/wp-json\/wp\/v2\/pages\/3333\/revisions"}],"predecessor-version":[{"id":60209,"href":"https:\/\/juwent.com.pl\/ru\/wp-json\/wp\/v2\/pages\/3333\/revisions\/60209"}],"wp:attachment":[{"href":"https:\/\/juwent.com.pl\/ru\/wp-json\/wp\/v2\/media?parent=3333"}],"curies":[{"name":"wp","href":"https:\/\/api.w.org\/{rel}","templated":true}]}}