{"id":3151,"date":"2024-12-16T12:27:04","date_gmt":"2024-12-16T11:27:04","guid":{"rendered":"https:\/\/juwent.com.pl\/?page_id=3151"},"modified":"2025-12-18T14:03:49","modified_gmt":"2025-12-18T13:03:49","slug":"homepage","status":"publish","type":"page","link":"https:\/\/juwent.com.pl\/en\/","title":{"rendered":"Homepage "},"content":{"rendered":" ","protected":false},"excerpt":{"rendered":"","protected":false},"author":3,"featured_media":0,"parent":0,"menu_order":0,"comment_status":"closed","ping_status":"closed","template":"","meta":{"_acf_changed":false,"footnotes":""},"class_list":["post-3151","page","type-page","status-publish","hentry"],"acf":[],"yoast_head":"<!-- This site is optimized with the Yoast SEO plugin v27.4 - https:\/\/yoast.com\/product\/yoast-seo-wordpress\/ -->\n<title>Homepage - JUWENT - producent - centrale klimatyzacyjne, wentylatory, kurtyny, aparaty ogrzewcze, wymienniki, grzejniki.<\/title>\n<meta name=\"robots\" content=\"index, follow, max-snippet:-1, max-image-preview:large, max-video-preview:-1\" \/>\n<link rel=\"canonical\" href=\"https:\/\/juwent.com.pl\/en\/\" \/>\n<meta property=\"og:locale\" content=\"en_US\" \/>\n<meta property=\"og:type\" content=\"article\" \/>\n<meta property=\"og:title\" content=\"Homepage - JUWENT - producent - centrale klimatyzacyjne, wentylatory, kurtyny, aparaty ogrzewcze, wymienniki, grzejniki.\" \/>\n<meta property=\"og:url\" content=\"https:\/\/juwent.com.pl\/en\/\" \/>\n<meta property=\"og:site_name\" content=\"JUWENT - producent - centrale klimatyzacyjne, wentylatory, kurtyny, aparaty ogrzewcze, wymienniki, grzejniki.\" \/>\n<meta property=\"article:modified_time\" content=\"2025-12-18T13:03:49+00:00\" \/>\n<meta name=\"twitter:card\" content=\"summary_large_image\" \/>\n<meta name=\"twitter:label1\" content=\"Est. reading time\" \/>\n\t<meta name=\"twitter:data1\" content=\"5 minutes\" \/>\n<!-- \/ Yoast SEO plugin. -->","yoast_head_json":{"title":"Homepage - JUWENT - producent - centrale klimatyzacyjne, wentylatory, kurtyny, aparaty ogrzewcze, wymienniki, grzejniki.","robots":{"index":"index","follow":"follow","max-snippet":"max-snippet:-1","max-image-preview":"max-image-preview:large","max-video-preview":"max-video-preview:-1"},"canonical":"https:\/\/juwent.com.pl\/en\/","og_locale":"en_US","og_type":"article","og_title":"Homepage - JUWENT - producent - centrale klimatyzacyjne, wentylatory, kurtyny, aparaty ogrzewcze, wymienniki, grzejniki.","og_url":"https:\/\/juwent.com.pl\/en\/","og_site_name":"JUWENT - producent - centrale klimatyzacyjne, wentylatory, kurtyny, aparaty ogrzewcze, wymienniki, grzejniki.","article_modified_time":"2025-12-18T13:03:49+00:00","twitter_card":"summary_large_image","twitter_misc":{"Est. reading time":"5 minutes"},"schema":{"@context":"https:\/\/schema.org","@graph":[{"@type":"WebPage","@id":"https:\/\/juwent.com.pl\/en\/","url":"https:\/\/juwent.com.pl\/en\/","name":"Homepage - JUWENT - producent - centrale klimatyzacyjne, wentylatory, kurtyny, aparaty ogrzewcze, wymienniki, grzejniki.","isPartOf":{"@id":"https:\/\/juwent.com.pl\/en\/#website"},"datePublished":"2024-12-16T11:27:04+00:00","dateModified":"2025-12-18T13:03:49+00:00","breadcrumb":{"@id":"https:\/\/juwent.com.pl\/en\/#breadcrumb"},"inLanguage":"en-US","potentialAction":[{"@type":"ReadAction","target":["https:\/\/juwent.com.pl\/en\/"]}]},{"@type":"BreadcrumbList","@id":"https:\/\/juwent.com.pl\/en\/#breadcrumb","itemListElement":[{"@type":"ListItem","position":1,"name":"Strona g\u0142\u00f3wna","item":"https:\/\/juwent.com.pl\/en\/"},{"@type":"ListItem","position":2,"name":"Homepage"}]},{"@type":"WebSite","@id":"https:\/\/juwent.com.pl\/en\/#website","url":"https:\/\/juwent.com.pl\/en\/","name":"JUWENT - producent - centrale klimatyzacyjne, wentylatory, kurtyny, aparaty ogrzewcze, wymienniki, grzejniki.","description":"Dbamy o jako\u015b\u0107 powietrza, kt\u00f3rym oddychasz! W naszej ofercie sprzeda\u017cy posiadamy wentylatory, klimatyzatory i aparaty ogrzewcze - gor\u0105co polecamy!","publisher":{"@id":"https:\/\/juwent.com.pl\/en\/#organization"},"potentialAction":[{"@type":"SearchAction","target":{"@type":"EntryPoint","urlTemplate":"https:\/\/juwent.com.pl\/en\/?s={search_term_string}"},"query-input":{"@type":"PropertyValueSpecification","valueRequired":true,"valueName":"search_term_string"}}],"inLanguage":"en-US"},{"@type":"Organization","@id":"https:\/\/juwent.com.pl\/en\/#organization","name":"JUWENT - producent - centrale klimatyzacyjne, wentylatory, kurtyny, aparaty ogrzewcze, wymienniki, grzejniki.","url":"https:\/\/juwent.com.pl\/en\/","logo":{"@type":"ImageObject","inLanguage":"en-US","@id":"https:\/\/juwent.com.pl\/en\/#\/schema\/logo\/image\/","url":"https:\/\/juwent.com.pl\/wp-content\/uploads\/2022\/07\/Juwent_Logo_www.svg","contentUrl":"https:\/\/juwent.com.pl\/wp-content\/uploads\/2022\/07\/Juwent_Logo_www.svg","caption":"JUWENT - producent - centrale klimatyzacyjne, wentylatory, kurtyny, aparaty ogrzewcze, wymienniki, grzejniki."},"image":{"@id":"https:\/\/juwent.com.pl\/en\/#\/schema\/logo\/image\/"}}]}},"_links":{"self":[{"href":"https:\/\/juwent.com.pl\/en\/wp-json\/wp\/v2\/pages\/3151","targetHints":{"allow":["GET"]}}],"collection":[{"href":"https:\/\/juwent.com.pl\/en\/wp-json\/wp\/v2\/pages"}],"about":[{"href":"https:\/\/juwent.com.pl\/en\/wp-json\/wp\/v2\/types\/page"}],"author":[{"embeddable":true,"href":"https:\/\/juwent.com.pl\/en\/wp-json\/wp\/v2\/users\/3"}],"replies":[{"embeddable":true,"href":"https:\/\/juwent.com.pl\/en\/wp-json\/wp\/v2\/comments?post=3151"}],"version-history":[{"count":69,"href":"https:\/\/juwent.com.pl\/en\/wp-json\/wp\/v2\/pages\/3151\/revisions"}],"predecessor-version":[{"id":60208,"href":"https:\/\/juwent.com.pl\/en\/wp-json\/wp\/v2\/pages\/3151\/revisions\/60208"}],"wp:attachment":[{"href":"https:\/\/juwent.com.pl\/en\/wp-json\/wp\/v2\/media?parent=3151"}],"curies":[{"name":"wp","href":"https:\/\/api.w.org\/{rel}","templated":true}]}}